{"id":81,"date":"2024-01-09T18:22:31","date_gmt":"2024-01-09T18:22:31","guid":{"rendered":"https:\/\/anuhalva.fi\/?page_id=81"},"modified":"2024-02-01T22:07:57","modified_gmt":"2024-02-01T20:07:57","slug":"amelita","status":"publish","type":"page","link":"https:\/\/anuhalva.fi\/index.php\/teatteriproduktiot\/amelita\/","title":{"rendered":"Amelita"},"content":{"rendered":"\n<h2 class=\"wp-block-heading\" style=\"font-size:clamp(23.043px, 1.44rem + ((1vw - 3.2px) * 1.558), 38px);px;line-height:1.4\"><em>Amelita &#8211; tangomonologi perustuu maailmankuulun argentiinalaisen tangos\u00e4velt\u00e4j\u00e4n Astor Piazzollan (1921-1992) upeaan musiikkiin.<\/em><\/h2>\n\n\n\n<details class=\"wp-block-details is-layout-flow wp-block-details-is-layout-flow\"><summary>Seuraava esitys<\/summary>\n<p><strong>2.3.2024<\/strong> klo 18.00 Ravintola Musine, Horninkatu 17, Salo<\/p>\n\n\n\n<p><strong>Liput<\/strong>: <a href=\"mailto:myynti@salonteatteri.com\">myynti@salonteatteri.com<\/a>,&nbsp; tai p. 044 0316055 (torstaisin klo 11-17)<\/p>\n\n\n\n<p>Esitys toteutetaan yhteisty\u00f6ss\u00e4 Salon Teatterin kanssa.<\/p>\n<\/details>\n\n\n\n<figure class=\"wp-block-image size-large is-style-rounded is-style-rounded--1\"><img loading=\"lazy\" decoding=\"async\" width=\"1024\" height=\"768\" src=\"https:\/\/anuhalva.fi\/wp-content\/uploads\/2024\/02\/Anu-Halva-Amelitana-1024x768.jpg\" alt=\"\" class=\"wp-image-170\" srcset=\"https:\/\/anuhalva.fi\/wp-content\/uploads\/2024\/02\/Anu-Halva-Amelitana-1024x768.jpg 1024w, https:\/\/anuhalva.fi\/wp-content\/uploads\/2024\/02\/Anu-Halva-Amelitana-300x225.jpg 300w, https:\/\/anuhalva.fi\/wp-content\/uploads\/2024\/02\/Anu-Halva-Amelitana-768x576.jpg 768w, https:\/\/anuhalva.fi\/wp-content\/uploads\/2024\/02\/Anu-Halva-Amelitana-1536x1152.jpg 1536w, https:\/\/anuhalva.fi\/wp-content\/uploads\/2024\/02\/Anu-Halva-Amelitana.jpg 2048w\" sizes=\"auto, (max-width: 1024px) 100vw, 1024px\" \/><figcaption class=\"wp-element-caption\">Anu H\u00e4lv\u00e4 Amelitana.<\/figcaption><\/figure>\n\n\n\n<div class=\"wp-block-columns is-layout-flex wp-container-core-columns-is-layout-28f84493 wp-block-columns-is-layout-flex\">\n<div class=\"wp-block-column is-layout-flow wp-block-column-is-layout-flow\">\n<p>Musiikin lomassa kulkee dramaturgi Anne Saastamoisen (nyk. Prokofjeff) kirjoittama, osin fiktiivinen tarina Astor Piazzollan ja h\u00e4nen toisen vaimonsa, laulajatar Amelita Baltarin muutamia vuosia kest\u00e4neest\u00e4 yhteisest\u00e4 taipaleesta.<\/p>\n\n\n\n<p>Se on tarina kahden taiteilijan liitosta, mutta toisaalta my\u00f6s miehen ja naisen suhteesta, rakkauden ihanuudesta ja vaikeudesta, sek\u00e4 aikaansa edell\u00e4 olleen taiteilijan, Piazzollan, kohtaamista haasteista ja vastoink\u00e4ymisist\u00e4.<\/p>\n\n\n\n<p><\/p>\n<\/div>\n\n\n\n<div class=\"wp-block-column is-layout-flow wp-block-column-is-layout-flow\">\n<p>N\u00e4yttelij\u00e4-laulaja Anu H\u00e4lv\u00e4 lainaa \u00e4\u00e4nens\u00e4 Amelita Baltarille niin lauluissa kuin tekstiss\u00e4kin. Esityksen instrumentalistina toimii harmonikkataiteilija Ari Lehtonen. Musiikin on sovittanut Virve J\u00e4\u00e4skel\u00e4inen.<\/p>\n\n\n\n<p>Esitys sis\u00e4lt\u00e4\u00e4 useita Astor Piazzollan tunnetuimpia kappaleita, kuten <em>Adios Nonino, Balada para un loco, Chiquilin de Bachin, Yo soy Maria, <\/em>sek\u00e4 lukuisia muita argentiinalaisen tango nuevon helmi\u00e4. N\u00e4ytelm\u00e4n puheteksti on suomea, mutta laulujen esityskieli on espanja; niiden merkitys k\u00e4\u00e4nnet\u00e4\u00e4n esityksen lomassa.&nbsp;<br><\/p>\n<\/div>\n<\/div>\n\n\n\n<div class=\"wp-block-columns is-layout-flex wp-container-core-columns-is-layout-28f84493 wp-block-columns-is-layout-flex\">\n<div class=\"wp-block-column is-layout-flow wp-block-column-is-layout-flow\">\n<figure class=\"wp-block-image size-full is-style-rounded is-style-rounded--2\"><img loading=\"lazy\" decoding=\"async\" width=\"492\" height=\"567\" src=\"https:\/\/anuhalva.fi\/wp-content\/uploads\/2024\/01\/Amelita-posteri.png\" alt=\"\" class=\"wp-image-82\" srcset=\"https:\/\/anuhalva.fi\/wp-content\/uploads\/2024\/01\/Amelita-posteri.png 492w, https:\/\/anuhalva.fi\/wp-content\/uploads\/2024\/01\/Amelita-posteri-260x300.png 260w\" sizes=\"auto, (max-width: 492px) 100vw, 492px\" \/><\/figure>\n<\/div>\n\n\n\n<div class=\"wp-block-column is-layout-flow wp-block-column-is-layout-flow\">\n<p>Amelitan kesto on noin tunti. Siin\u00e4 ei ole v\u00e4liaikaa, mutta tarvittaessa v\u00e4liaika voidaan pit\u00e4\u00e4. Esityspaikaksi soveltuu l\u00e4hes millainen tila tahansa. Ensisijaisesti esitys on aina akustinen, jollei tila vaadi \u00e4\u00e4nentoistoa.<\/p>\n\n\n\n<p><strong><em>Esitys on tilattavissa, pyyd\u00e4 tarjous!<\/em><\/strong><\/p>\n<\/div>\n<\/div>\n","protected":false},"excerpt":{"rendered":"<p>Amelita &#8211; tangomonologi perustuu maailmankuulun argentiinalaisen tangos\u00e4velt\u00e4j\u00e4n Astor Piazzollan (1921-1992) upeaan musiikkiin. Musiikin lomassa kulkee dramaturgi Anne Saastamoisen (nyk. Prokofjeff) kirjoittama, osin fiktiivinen tarina Astor Piazzollan ja h\u00e4nen toisen vaimonsa, laulajatar Amelita Baltarin muutamia vuosia kest\u00e4neest\u00e4 yhteisest\u00e4 taipaleesta. Se on tarina kahden taiteilijan liitosta, mutta toisaalta my\u00f6s miehen ja naisen suhteesta, rakkauden ihanuudesta ja vaikeudesta, [&hellip;]<\/p>\n","protected":false},"author":1,"featured_media":0,"parent":78,"menu_order":2,"comment_status":"closed","ping_status":"closed","template":"","meta":{"footnotes":""},"class_list":["post-81","page","type-page","status-publish","hentry"],"_links":{"self":[{"href":"https:\/\/anuhalva.fi\/index.php\/wp-json\/wp\/v2\/pages\/81","targetHints":{"allow":["GET"]}}],"collection":[{"href":"https:\/\/anuhalva.fi\/index.php\/wp-json\/wp\/v2\/pages"}],"about":[{"href":"https:\/\/anuhalva.fi\/index.php\/wp-json\/wp\/v2\/types\/page"}],"author":[{"embeddable":true,"href":"https:\/\/anuhalva.fi\/index.php\/wp-json\/wp\/v2\/users\/1"}],"replies":[{"embeddable":true,"href":"https:\/\/anuhalva.fi\/index.php\/wp-json\/wp\/v2\/comments?post=81"}],"version-history":[{"count":6,"href":"https:\/\/anuhalva.fi\/index.php\/wp-json\/wp\/v2\/pages\/81\/revisions"}],"predecessor-version":[{"id":171,"href":"https:\/\/anuhalva.fi\/index.php\/wp-json\/wp\/v2\/pages\/81\/revisions\/171"}],"up":[{"embeddable":true,"href":"https:\/\/anuhalva.fi\/index.php\/wp-json\/wp\/v2\/pages\/78"}],"wp:attachment":[{"href":"https:\/\/anuhalva.fi\/index.php\/wp-json\/wp\/v2\/media?parent=81"}],"curies":[{"name":"wp","href":"https:\/\/api.w.org\/{rel}","templated":true}]}}