{"id":78,"date":"2024-01-09T18:10:05","date_gmt":"2024-01-09T18:10:05","guid":{"rendered":"https:\/\/anuhalva.fi\/?page_id=78"},"modified":"2024-12-21T21:02:17","modified_gmt":"2024-12-21T19:02:17","slug":"teatteriproduktiot","status":"publish","type":"page","link":"https:\/\/anuhalva.fi\/index.php\/teatteriproduktiot\/","title":{"rendered":"Ajankohtaiset teatteriproduktiot"},"content":{"rendered":"\n<div class=\"wp-block-group alignfull has-global-padding is-layout-constrained wp-container-core-group-is-layout-301020a0 wp-block-group-is-layout-constrained\" style=\"padding-top:var(--wp--preset--spacing--50);padding-right:var(--wp--preset--spacing--50);padding-bottom:var(--wp--preset--spacing--50);padding-left:var(--wp--preset--spacing--50)\">\n<div class=\"wp-block-columns alignwide is-layout-flex wp-container-core-columns-is-layout-08c01c1c wp-block-columns-is-layout-flex\">\n<div class=\"wp-block-column is-layout-flow wp-block-column-is-layout-flow\" style=\"flex-basis:33%\">\n<p class=\"has-heading-font-family has-large-font-size\" style=\"line-height:1.2\">Anu toimii aktiivisen ohjaajan- ja esiintymisuransa ohessa my\u00f6s teatterituottajana.&nbsp; <\/p>\n\n\n\n<p class=\"has-heading-font-family has-large-font-size\" style=\"line-height:1.2\">Kartanoteatteri tuottaa pienesityksi\u00e4 ja musiikkitilaisuuksia, my\u00f6s yhteisty\u00f6ss\u00e4 muiden toimijoiden kanssa.<\/p>\n<\/div>\n\n\n\n<div class=\"wp-block-column is-layout-flow wp-container-core-column-is-layout-119bc444 wp-block-column-is-layout-flow\">\n<div class=\"wp-block-group is-nowrap is-layout-flex wp-container-core-group-is-layout-877c468d wp-block-group-is-layout-flex\">\n<div class=\"wp-block-group is-vertical is-content-justification-left is-nowrap is-layout-flex wp-container-core-group-is-layout-970da055 wp-block-group-is-layout-flex\">\n<p style=\"font-style:normal;font-weight:500\"><a href=\"https:\/\/anuhalva.fi\/index.php\/teatteriproduktiot\/kaunis_veera\/\" data-type=\"page\" data-id=\"34\">Kaunis Veera<\/a><\/p>\n\n\n\n<p>Tatu Pekkarisen k\u00e4sikirjoitukseen ja samannimiseen klassikkoelokuvaan perustuva n\u00e4ytelm\u00e4 on saanut aivan uuden ja tuoreen sovituksen Anun ohjaamana.<\/p>\n<\/div>\n\n\n\n<div class=\"wp-block-group is-vertical is-nowrap is-layout-flex wp-container-core-group-is-layout-3655d5c7 wp-block-group-is-layout-flex\">\n<p style=\"font-style:normal;font-weight:500\"><a href=\"https:\/\/anuhalva.fi\/index.php\/teatteriproduktiot\/amelita\/\" data-type=\"page\" data-id=\"81\">Amelita &#8211; tangomonologi <\/a><\/p>\n\n\n\n<p>Amelita &#8211; tangomonologi perustuu maailmankuulun argentiinalaisen tangos\u00e4velt\u00e4j\u00e4n Astor Piazzollan (1921-1992) upeaan musiikkiin. <\/p>\n<\/div>\n<\/div>\n\n\n\n<div class=\"wp-block-group is-nowrap is-layout-flex wp-container-core-group-is-layout-877c468d wp-block-group-is-layout-flex\">\n<div class=\"wp-block-group is-vertical is-nowrap is-layout-flex wp-container-core-group-is-layout-3655d5c7 wp-block-group-is-layout-flex\">\n<p style=\"font-style:normal;font-weight:500\">NUNNIA JA KONNIA<\/p>\n\n\n\n<p>Yp\u00e4j\u00e4n Musiikkiteatterissa esitet\u00e4\u00e4n kes\u00e4ll\u00e4 2025 teatterin 40-vuotisjuhlaesityksen\u00e4 komediallista musikaalia Nunnia ja Konnia. <\/p>\n\n\n\n<p>Ohjaus: Anu H\u00e4lv\u00e4. Lis\u00e4tietoja, liput ja esitysajat <a href=\"https:\/\/www.ypajanmusiikkiteatteri.fi\/\" data-type=\"link\" data-id=\"https:\/\/www.ypajanmusiikkiteatteri.fi\/\">Yp\u00e4j\u00e4n musiikkiteatterin sivuilta<\/a>.<\/p>\n\n\n\n<p><\/p>\n<\/div>\n<\/div>\n<\/div>\n<\/div>\n<\/div>\n\n\n\n<figure class=\"wp-block-image aligncenter size-large is-resized is-style-rounded is-style-rounded--1\"><img loading=\"lazy\" decoding=\"async\" width=\"1024\" height=\"798\" src=\"https:\/\/anuhalva.fi\/wp-content\/uploads\/2024\/02\/Kaunis-Veera-nayttelijat-Anu-Halva-1024x798.jpg\" alt=\"\" class=\"wp-image-168\" style=\"width:820px;height:auto\" srcset=\"https:\/\/anuhalva.fi\/wp-content\/uploads\/2024\/02\/Kaunis-Veera-nayttelijat-Anu-Halva-1024x798.jpg 1024w, https:\/\/anuhalva.fi\/wp-content\/uploads\/2024\/02\/Kaunis-Veera-nayttelijat-Anu-Halva-300x234.jpg 300w, https:\/\/anuhalva.fi\/wp-content\/uploads\/2024\/02\/Kaunis-Veera-nayttelijat-Anu-Halva-768x598.jpg 768w, https:\/\/anuhalva.fi\/wp-content\/uploads\/2024\/02\/Kaunis-Veera-nayttelijat-Anu-Halva.jpg 1336w\" sizes=\"auto, (max-width: 1024px) 100vw, 1024px\" \/><figcaption class=\"wp-element-caption\">Kauniin Veeran n\u00e4yttelij\u00f6iden ryhm\u00e4kuva. Musiikkin\u00e4ytelm\u00e4n nimiroolissa loistaa Emilia Vesalainen-Pellas. Muut n\u00e4yttelij\u00e4t ovat Marco Lundberg, Riku Pelo, Olli Tuovinen, Anne Korpelainen, Roope Pelo&nbsp; sek\u00e4 rouva Tolkan roolissa ohjaaja Anu H\u00e4lv\u00e4. Esityksen muusikkonna toimii ilmi\u00f6m\u00e4inen Samuli Jokinen<\/figcaption><\/figure>\n","protected":false},"excerpt":{"rendered":"<p>Anu toimii aktiivisen ohjaajan- ja esiintymisuransa ohessa my\u00f6s teatterituottajana.&nbsp; Kartanoteatteri tuottaa pienesityksi\u00e4 ja musiikkitilaisuuksia, my\u00f6s yhteisty\u00f6ss\u00e4 muiden toimijoiden kanssa. Kaunis Veera Tatu Pekkarisen k\u00e4sikirjoitukseen ja samannimiseen klassikkoelokuvaan perustuva n\u00e4ytelm\u00e4 on saanut aivan uuden ja tuoreen sovituksen Anun ohjaamana. Amelita &#8211; tangomonologi Amelita &#8211; tangomonologi perustuu maailmankuulun argentiinalaisen tangos\u00e4velt\u00e4j\u00e4n Astor Piazzollan (1921-1992) upeaan musiikkiin. NUNNIA JA [&hellip;]<\/p>\n","protected":false},"author":1,"featured_media":0,"parent":0,"menu_order":6,"comment_status":"closed","ping_status":"closed","template":"","meta":{"footnotes":""},"class_list":["post-78","page","type-page","status-publish","hentry"],"_links":{"self":[{"href":"https:\/\/anuhalva.fi\/index.php\/wp-json\/wp\/v2\/pages\/78","targetHints":{"allow":["GET"]}}],"collection":[{"href":"https:\/\/anuhalva.fi\/index.php\/wp-json\/wp\/v2\/pages"}],"about":[{"href":"https:\/\/anuhalva.fi\/index.php\/wp-json\/wp\/v2\/types\/page"}],"author":[{"embeddable":true,"href":"https:\/\/anuhalva.fi\/index.php\/wp-json\/wp\/v2\/users\/1"}],"replies":[{"embeddable":true,"href":"https:\/\/anuhalva.fi\/index.php\/wp-json\/wp\/v2\/comments?post=78"}],"version-history":[{"count":5,"href":"https:\/\/anuhalva.fi\/index.php\/wp-json\/wp\/v2\/pages\/78\/revisions"}],"predecessor-version":[{"id":206,"href":"https:\/\/anuhalva.fi\/index.php\/wp-json\/wp\/v2\/pages\/78\/revisions\/206"}],"wp:attachment":[{"href":"https:\/\/anuhalva.fi\/index.php\/wp-json\/wp\/v2\/media?parent=78"}],"curies":[{"name":"wp","href":"https:\/\/api.w.org\/{rel}","templated":true}]}}