{"id":34,"date":"2024-01-09T17:43:29","date_gmt":"2024-01-09T17:43:29","guid":{"rendered":"https:\/\/anuhalva.fi\/?page_id=34"},"modified":"2024-03-19T08:00:42","modified_gmt":"2024-03-19T06:00:42","slug":"kaunis_veera","status":"publish","type":"page","link":"https:\/\/anuhalva.fi\/index.php\/teatteriproduktiot\/kaunis_veera\/","title":{"rendered":"Kaunis Veera"},"content":{"rendered":"\n<div class=\"wp-block-group alignfull has-global-padding is-layout-constrained wp-container-core-group-is-layout-daa29608 wp-block-group-is-layout-constrained\" style=\"margin-top:0;margin-bottom:0;padding-top:var(--wp--preset--spacing--50);padding-right:var(--wp--preset--spacing--50);padding-bottom:var(--wp--preset--spacing--50);padding-left:var(--wp--preset--spacing--50)\">\n<p><em>Tatu Pekkarisen k\u00e4sikirjoitukseen ja samannimiseen klassikkoelokuvaan perustuva n\u00e4ytelm\u00e4 on saanut aivan uuden ja tuoreen sovituksen Anun ohjaamana.<\/em><\/p>\n\n\n\n<p><strong>Tulevat esitykset:<\/strong> Riihivuoren kes\u00e4teatteri, Muurame su 18.8.24 klo 14.00 ja 18.00<\/p>\n<\/div>\n\n\n\n<div class=\"wp-block-columns is-layout-flex wp-container-core-columns-is-layout-28f84493 wp-block-columns-is-layout-flex\">\n<div class=\"wp-block-column is-layout-flow wp-block-column-is-layout-flow\">\n<figure class=\"wp-block-image size-full\"><img loading=\"lazy\" decoding=\"async\" width=\"432\" height=\"523\" src=\"https:\/\/anuhalva.fi\/wp-content\/uploads\/2024\/01\/KaunisVeeraPosteri.png\" alt=\"\" class=\"wp-image-72\" srcset=\"https:\/\/anuhalva.fi\/wp-content\/uploads\/2024\/01\/KaunisVeeraPosteri.png 432w, https:\/\/anuhalva.fi\/wp-content\/uploads\/2024\/01\/KaunisVeeraPosteri-248x300.png 248w\" sizes=\"auto, (max-width: 432px) 100vw, 432px\" \/><\/figure>\n<\/div>\n\n\n\n<div class=\"wp-block-column is-layout-flow wp-block-column-is-layout-flow\">\n<p>Tarinassa tervah\u00f6yry Prinsessa<br>Armada seilaa Saimaalla.<br>Laivaan pestataan<br>kahvinkeitt\u00e4j\u00e4ksi kaunis Veera,<br>joka tapaa komean Rikhardin.<br>Matkan varrella tarinaan liittyy<br>muitakin hahmoja, eik\u00e4<br>yll\u00e4tyksilt\u00e4 ja koomisilta<br>k\u00e4\u00e4nteilt\u00e4k\u00e4\u00e4n v\u00e4ltyt\u00e4.<br>Tuttu tarina kulkee uuden<br>sovituksen pohjana ja sit\u00e4<br>h\u00f6yst\u00e4v\u00e4t upeat laulut, mm.<br>Saimaan valssi, Balladi<br>Saimaalta sek\u00e4 esimerkiksi<br>monet upeat, tutut tangot.<\/p>\n<\/div>\n<\/div>\n\n\n\n<p>Lavalla n\u00e4hd\u00e4\u00e4n taitava ammattilaisjoukko. Esityksen muusikkona toimii ilmi\u00f6m\u00e4inen taituri Samuli Jokinen.<\/p>\n\n\n\n<p>Nimiroolissa Kauniina Veerana loistaa Emilia Vesalainen-Pellas. Muut n\u00e4yttelij\u00e4t ovat vuoden 2014 Tangokuningas Marco Lundberg, Riku Pelo, Olli Tuovinen, Anne Korpelainen, Roope Pelo sek\u00e4 rouva Tolkan roolissa ohjaaja Anu H\u00e4lv\u00e4. Esitys sai ensi-iltansa vuonna 2020, ja on kiert\u00e4nyt sen j\u00e4lkeen menestyksekk\u00e4\u00e4sti eri puolilla Suomea.<\/p>\n","protected":false},"excerpt":{"rendered":"<p>Tatu Pekkarisen k\u00e4sikirjoitukseen ja samannimiseen klassikkoelokuvaan perustuva n\u00e4ytelm\u00e4 on saanut aivan uuden ja tuoreen sovituksen Anun ohjaamana. Tulevat esitykset: Riihivuoren kes\u00e4teatteri, Muurame su 18.8.24 klo 14.00 ja 18.00 Tarinassa tervah\u00f6yry PrinsessaArmada seilaa Saimaalla.Laivaan pestataankahvinkeitt\u00e4j\u00e4ksi kaunis Veera,joka tapaa komean Rikhardin.Matkan varrella tarinaan liittyymuitakin hahmoja, eik\u00e4yll\u00e4tyksilt\u00e4 ja koomisiltak\u00e4\u00e4nteilt\u00e4k\u00e4\u00e4n v\u00e4ltyt\u00e4.Tuttu tarina kulkee uudensovituksen pohjana ja sit\u00e4h\u00f6yst\u00e4v\u00e4t upeat laulut, [&hellip;]<\/p>\n","protected":false},"author":1,"featured_media":0,"parent":78,"menu_order":1,"comment_status":"closed","ping_status":"closed","template":"","meta":{"footnotes":""},"class_list":["post-34","page","type-page","status-publish","hentry"],"_links":{"self":[{"href":"https:\/\/anuhalva.fi\/index.php\/wp-json\/wp\/v2\/pages\/34","targetHints":{"allow":["GET"]}}],"collection":[{"href":"https:\/\/anuhalva.fi\/index.php\/wp-json\/wp\/v2\/pages"}],"about":[{"href":"https:\/\/anuhalva.fi\/index.php\/wp-json\/wp\/v2\/types\/page"}],"author":[{"embeddable":true,"href":"https:\/\/anuhalva.fi\/index.php\/wp-json\/wp\/v2\/users\/1"}],"replies":[{"embeddable":true,"href":"https:\/\/anuhalva.fi\/index.php\/wp-json\/wp\/v2\/comments?post=34"}],"version-history":[{"count":6,"href":"https:\/\/anuhalva.fi\/index.php\/wp-json\/wp\/v2\/pages\/34\/revisions"}],"predecessor-version":[{"id":196,"href":"https:\/\/anuhalva.fi\/index.php\/wp-json\/wp\/v2\/pages\/34\/revisions\/196"}],"up":[{"embeddable":true,"href":"https:\/\/anuhalva.fi\/index.php\/wp-json\/wp\/v2\/pages\/78"}],"wp:attachment":[{"href":"https:\/\/anuhalva.fi\/index.php\/wp-json\/wp\/v2\/media?parent=34"}],"curies":[{"name":"wp","href":"https:\/\/api.w.org\/{rel}","templated":true}]}}