{"id":25,"date":"2024-01-09T16:35:33","date_gmt":"2024-01-09T16:35:33","guid":{"rendered":"https:\/\/anuhalva.fi\/?page_id=25"},"modified":"2024-12-21T21:41:04","modified_gmt":"2024-12-21T19:41:04","slug":"laulun-ja-ilmaisun-opetus","status":"publish","type":"page","link":"https:\/\/anuhalva.fi\/index.php\/laulun-ja-ilmaisun-opetus\/","title":{"rendered":"Laulun ja ilmaisutaidon opetus"},"content":{"rendered":"\n<div class=\"wp-block-group alignfull has-base-background-color has-background has-global-padding is-layout-constrained wp-container-core-group-is-layout-d89aad35 wp-block-group-is-layout-constrained\" style=\"margin-top:0;margin-bottom:0;padding-top:var(--wp--preset--spacing--50);padding-right:var(--wp--preset--spacing--50);padding-bottom:var(--wp--preset--spacing--50);padding-left:var(--wp--preset--spacing--50)\">\n<h1 class=\"wp-block-heading has-text-align-center has-x-large-font-size\"> <em> \u00c4\u00e4ni on ilmaa. Siksi laulun t\u00e4rkein tekninen elementti on ilman vapaa ja ekonominen virtaus, jota s\u00e4\u00e4telemme hengitystekniikalla. <\/em> <\/h1>\n\n\n\n<div class=\"wp-block-group alignfull has-global-padding is-layout-constrained wp-container-core-group-is-layout-daa29608 wp-block-group-is-layout-constrained\" style=\"margin-top:0;margin-bottom:0;padding-top:var(--wp--preset--spacing--50);padding-right:var(--wp--preset--spacing--50);padding-bottom:var(--wp--preset--spacing--50);padding-left:var(--wp--preset--spacing--50)\">\n<figure class=\"wp-block-image aligncenter size-large is-style-rounded is-style-rounded--1\"><img loading=\"lazy\" decoding=\"async\" width=\"1024\" height=\"683\" src=\"https:\/\/anuhalva.fi\/wp-content\/uploads\/2024\/02\/Laulun-opetus-Anu-Halva-2-1024x683.jpg\" alt=\"\" class=\"wp-image-159\" srcset=\"https:\/\/anuhalva.fi\/wp-content\/uploads\/2024\/02\/Laulun-opetus-Anu-Halva-2-1024x683.jpg 1024w, https:\/\/anuhalva.fi\/wp-content\/uploads\/2024\/02\/Laulun-opetus-Anu-Halva-2-300x200.jpg 300w, https:\/\/anuhalva.fi\/wp-content\/uploads\/2024\/02\/Laulun-opetus-Anu-Halva-2-768x512.jpg 768w, https:\/\/anuhalva.fi\/wp-content\/uploads\/2024\/02\/Laulun-opetus-Anu-Halva-2-1536x1024.jpg 1536w, https:\/\/anuhalva.fi\/wp-content\/uploads\/2024\/02\/Laulun-opetus-Anu-Halva-2-2048x1365.jpg 2048w\" sizes=\"auto, (max-width: 1024px) 100vw, 1024px\" \/><\/figure>\n\n\n\n<div class=\"wp-block-columns is-layout-flex wp-container-core-columns-is-layout-28f84493 wp-block-columns-is-layout-flex\">\n<div class=\"wp-block-column is-layout-flow wp-block-column-is-layout-flow\">\n<p><strong>Laulun opetus<\/strong><\/p>\n\n\n\n<p>Koko opetuksen ydinasia on, miten vapautamme kehomme sallimaan ilman virtauksen niin, ett\u00e4 se kuitenkin on t\u00e4ysin hallinnassa. <\/p>\n\n\n\n<p>Laulu\u00e4\u00e4ni on instrumentti, jonka tulee taipua kaikenlaiseen musiikkiin. Siksi opetan tekniikkaa, joka perustuu ennen kaikkea kehon k\u00e4ytt\u00f6\u00f6n nojaavaan luonnolliseen hengitykseen. Kun sen tekniikan hallitsee, sill\u00e4 voi laulaa mit\u00e4 tahansa.<\/p>\n<\/div>\n\n\n\n<div class=\"wp-block-column is-layout-flow wp-block-column-is-layout-flow\">\n<p><strong>Ilmaisutaidon opetus<\/strong><\/p>\n\n\n\n<p>Ilmaisutaidon opetus sopii esimerkiksi teatterikoulutukseen pyrkiville tai alan harrastajille, jotka haluavat kehitt\u00e4\u00e4 ilmaisutaitoaan.<\/p>\n\n\n\n<p><em>Opetan paljon my\u00f6s \u00e4\u00e4nenk\u00e4ytt\u00f6\u00e4 puheessa, josta on apua mm. j\u00e4nnityksen poistamisessa monenlaisissa tilanteissa, joissa ihminen on tavalla tai toisella esill\u00e4 muiden edess\u00e4. <\/em><\/p>\n<\/div>\n<\/div>\n<\/div>\n<\/div>\n\n\n\n<div class=\"wp-block-group alignwide has-base-2-background-color has-background has-global-padding is-layout-constrained wp-container-core-group-is-layout-39412042 wp-block-group-is-layout-constrained\" style=\"border-radius:16px;padding-top:var(--wp--preset--spacing--40);padding-right:var(--wp--preset--spacing--50);padding-bottom:var(--wp--preset--spacing--40);padding-left:var(--wp--preset--spacing--50)\">\n<div style=\"height:var(--wp--preset--spacing--10)\" aria-hidden=\"true\" class=\"wp-block-spacer\"><\/div>\n\n\n\n<h2 class=\"wp-block-heading has-text-align-center has-x-large-font-size\">Varaa opetus<\/h2>\n\n\n\n<div class=\"wp-block-buttons is-content-justification-center is-layout-flex wp-container-core-buttons-is-layout-a89b3969 wp-block-buttons-is-layout-flex\">\n<div class=\"wp-block-button\"><a class=\"wp-block-button__link wp-element-button\" href=\"https:\/\/calendar.google.com\/calendar\/appointments\/schedules\/AcZssZ1dHfBoWq3T4xVNxJWMLMydxFETHryFsNllaEQxkiSjbZnzNWfnK3O1GapljAZGQSY-MUj2VsxD\" target=\"_blank\" rel=\"noreferrer noopener\">Varaa laulutuntisi t\u00e4st\u00e4<\/a><\/div>\n<\/div>\n\n\n\n<p class=\"has-text-align-center has-small-font-size\">Laulutunnit toteutetaan Espoossa hyvien kulkuyhteyksien p\u00e4\u00e4ss\u00e4. Autolla tullessasi l\u00f6ytyy hyvin parkkitilaa. Osoitteen ja ohjeen saat varausvahvistuksessa. <\/p>\n<\/div>\n\n\n\n<div class=\"wp-block-group alignfull has-global-padding is-layout-constrained wp-container-core-group-is-layout-669513ed wp-block-group-is-layout-constrained\" style=\"margin-top:0;margin-bottom:0;padding-top:var(--wp--preset--spacing--50);padding-right:var(--wp--preset--spacing--50);padding-bottom:var(--wp--preset--spacing--50);padding-left:var(--wp--preset--spacing--50)\">\n<div class=\"wp-block-group alignwide has-base-2-background-color has-background has-global-padding is-layout-constrained wp-container-core-group-is-layout-a151063b wp-block-group-is-layout-constrained\" style=\"border-radius:16px;padding-top:var(--wp--preset--spacing--50);padding-right:var(--wp--preset--spacing--40);padding-bottom:var(--wp--preset--spacing--50);padding-left:var(--wp--preset--spacing--40)\">\n<div class=\"wp-block-group alignwide is-vertical is-content-justification-stretch is-layout-flex wp-container-core-group-is-layout-353c4f5a wp-block-group-is-layout-flex\">\n<p class=\"has-text-align-center\" style=\"margin-top:var(--wp--preset--spacing--10);font-size:clamp(0.875rem, 0.875rem + ((1vw - 0.2rem) * 0.417), 1.125rem);\"><strong>Yksityistunnit<\/strong><\/p>\n\n\n\n<p class=\"has-text-align-center\">Ajanvarauskalenteri aukeaa my\u00f6hemmin uusille opiskelijoille<\/p>\n\n\n\n<p class=\"has-text-align-center\">Varaa tunti ottamalla yhteytt\u00e4 joko s\u00e4hk\u00f6postitse studio.vocaliisi@gmail.com tai p. 040 2504858<\/p>\n<\/div>\n\n\n\n<div class=\"wp-block-columns alignwide is-layout-flex wp-container-core-columns-is-layout-06670bbc wp-block-columns-is-layout-flex\">\n<div class=\"wp-block-column is-layout-flow wp-block-column-is-layout-flow\" style=\"border-top-color:var(--wp--preset--color--contrast-3);border-top-width:1px;padding-top:var(--wp--preset--spacing--30);padding-right:var(--wp--preset--spacing--30);padding-bottom:var(--wp--preset--spacing--10);padding-left:var(--wp--preset--spacing--30)\">\n<h4 class=\"wp-block-heading has-text-align-center has-medium-font-size\" style=\"padding-top:1px\"> <em>Yksitt\u00e4inen tunti<\/em>, <em>60 min<\/em><\/h4>\n\n\n\n<h5 class=\"wp-block-heading has-text-align-center has-medium-font-size\" style=\"padding-top:1px\"><strong><em>65 \u20ac<\/em><\/strong><\/h5>\n<\/div>\n\n\n\n<div class=\"wp-block-column is-layout-flow wp-block-column-is-layout-flow\" style=\"border-top-color:var(--wp--preset--color--contrast-3);border-top-width:1px;padding-top:var(--wp--preset--spacing--30);padding-right:var(--wp--preset--spacing--30);padding-bottom:var(--wp--preset--spacing--10);padding-left:var(--wp--preset--spacing--30)\">\n<h4 class=\"wp-block-heading has-text-align-center has-medium-font-size\" style=\"padding-top:1px\"> <em>10 x 60 min kurssi<\/em><\/h4>\n\n\n\n<h5 class=\"wp-block-heading has-text-align-center has-medium-font-size\" style=\"padding-top:1px\"><strong><em>585 \u20ac<\/em><\/strong><\/h5>\n<\/div>\n<\/div>\n<\/div>\n\n\n\n<div class=\"wp-block-group alignwide has-base-2-background-color has-background has-global-padding is-layout-constrained wp-container-core-group-is-layout-a151063b wp-block-group-is-layout-constrained\" style=\"border-radius:16px;padding-top:var(--wp--preset--spacing--50);padding-right:var(--wp--preset--spacing--40);padding-bottom:var(--wp--preset--spacing--50);padding-left:var(--wp--preset--spacing--40)\">\n<div class=\"wp-block-group alignwide is-vertical is-content-justification-stretch is-layout-flex wp-container-core-group-is-layout-353c4f5a wp-block-group-is-layout-flex\">\n<p class=\"has-text-align-center\" style=\"margin-top:var(--wp--preset--spacing--10);font-size:clamp(0.875rem, 0.875rem + ((1vw - 0.2rem) * 0.417), 1.125rem);\"><strong>Ryhm\u00e4tunnit<\/strong><\/p>\n\n\n\n<p class=\"has-text-align-center\">Ryhm\u00e4tunneille max 3 henkil\u00f6\u00e4. Opetus onnistuu my\u00f6s isommalle ryhm\u00e4lle, ota yhteytt\u00e4! <\/p>\n\n\n\n<p class=\"has-text-align-center\">Varaa teille sopiva 75 min mittainen aika tunnille\/tunneille ajanvarauskalenterista.<\/p>\n<\/div>\n\n\n\n<div class=\"wp-block-columns alignwide is-layout-flex wp-container-core-columns-is-layout-06670bbc wp-block-columns-is-layout-flex\">\n<div class=\"wp-block-column is-layout-flow wp-block-column-is-layout-flow\" style=\"border-top-color:var(--wp--preset--color--contrast-3);border-top-width:1px;padding-top:var(--wp--preset--spacing--30);padding-right:var(--wp--preset--spacing--30);padding-bottom:var(--wp--preset--spacing--10);padding-left:var(--wp--preset--spacing--30)\">\n<h4 class=\"wp-block-heading has-text-align-center has-medium-font-size\" style=\"padding-top:1px\"> <em>Yksitt\u00e4inen tunti<\/em>, <em>75 min<\/em><\/h4>\n\n\n\n<h5 class=\"wp-block-heading has-text-align-center has-medium-font-size\" style=\"padding-top:1px\"><strong><em>85 \u20ac<\/em><\/strong><\/h5>\n<\/div>\n<\/div>\n<\/div>\n\n\n\n<p style=\"margin-top:var(--wp--preset--spacing--10);font-size:clamp(0.875rem, 0.875rem + ((1vw - 0.2rem) * 0.417), 1.125rem);\"><strong>Ehdot:<\/strong><\/p>\n\n\n\n<p>Hinnat sis\u00e4lt\u00e4v\u00e4t alv 25,5%.<\/p>\n\n\n\n<p>Opetus maksetaan paikan p\u00e4\u00e4ll\u00e4 maksup\u00e4\u00e4tteell\u00e4 tai laskutettuna. <\/p>\n\n\n\n<p>Mik\u00e4li oppilas ei saavu sovitulle tunnille, eik\u00e4 ole ilmoittanut poissaolostaan viimeist\u00e4\u00e4n 12 h ennen tunnin alkua, perit\u00e4\u00e4n tunnista normaali opetustunnin hinta tai se katsotaan paketista k\u00e4ytetyksi opetustunniksi. Poikkeuksena ainoastaan force majeure \u2013tapaukset.<\/p>\n\n\n\n<p>Sovi poikkeavuuksista suoraan Anun kanssa <a href=\"https:\/\/anuhalva.fi\/index.php\/laulun-ja-ilmaisun-opetus\/#\">studio.vocaliisi@gmail.com<\/a> tai opetustunnilla.<\/p>\n\n\n\n<p><\/p>\n<\/div>\n\n\n\n<div class=\"wp-block-group alignfull has-global-padding is-layout-constrained wp-container-core-group-is-layout-669513ed wp-block-group-is-layout-constrained\" style=\"margin-top:0;margin-bottom:0;padding-top:var(--wp--preset--spacing--50);padding-right:var(--wp--preset--spacing--50);padding-bottom:var(--wp--preset--spacing--50);padding-left:var(--wp--preset--spacing--50)\">\n<p><br><\/p>\n<\/div>\n","protected":false},"excerpt":{"rendered":"<p>\u00c4\u00e4ni on ilmaa. Siksi laulun t\u00e4rkein tekninen elementti on ilman vapaa ja ekonominen virtaus, jota s\u00e4\u00e4telemme hengitystekniikalla. Laulun opetus Koko opetuksen ydinasia on, miten vapautamme kehomme sallimaan ilman virtauksen niin, ett\u00e4 se kuitenkin on t\u00e4ysin hallinnassa. Laulu\u00e4\u00e4ni on instrumentti, jonka tulee taipua kaikenlaiseen musiikkiin. Siksi opetan tekniikkaa, joka perustuu ennen kaikkea kehon k\u00e4ytt\u00f6\u00f6n nojaavaan luonnolliseen [&hellip;]<\/p>\n","protected":false},"author":1,"featured_media":0,"parent":0,"menu_order":0,"comment_status":"closed","ping_status":"closed","template":"","meta":{"footnotes":""},"class_list":["post-25","page","type-page","status-publish","hentry"],"_links":{"self":[{"href":"https:\/\/anuhalva.fi\/index.php\/wp-json\/wp\/v2\/pages\/25","targetHints":{"allow":["GET"]}}],"collection":[{"href":"https:\/\/anuhalva.fi\/index.php\/wp-json\/wp\/v2\/pages"}],"about":[{"href":"https:\/\/anuhalva.fi\/index.php\/wp-json\/wp\/v2\/types\/page"}],"author":[{"embeddable":true,"href":"https:\/\/anuhalva.fi\/index.php\/wp-json\/wp\/v2\/users\/1"}],"replies":[{"embeddable":true,"href":"https:\/\/anuhalva.fi\/index.php\/wp-json\/wp\/v2\/comments?post=25"}],"version-history":[{"count":28,"href":"https:\/\/anuhalva.fi\/index.php\/wp-json\/wp\/v2\/pages\/25\/revisions"}],"predecessor-version":[{"id":216,"href":"https:\/\/anuhalva.fi\/index.php\/wp-json\/wp\/v2\/pages\/25\/revisions\/216"}],"wp:attachment":[{"href":"https:\/\/anuhalva.fi\/index.php\/wp-json\/wp\/v2\/media?parent=25"}],"curies":[{"name":"wp","href":"https:\/\/api.w.org\/{rel}","templated":true}]}}