{"id":127,"date":"2024-01-11T11:49:05","date_gmt":"2024-01-11T11:49:05","guid":{"rendered":"https:\/\/anuhalva.fi\/?page_id=127"},"modified":"2024-12-21T21:29:48","modified_gmt":"2024-12-21T19:29:48","slug":"vocal-coaching","status":"publish","type":"page","link":"https:\/\/anuhalva.fi\/index.php\/vocal-coaching\/","title":{"rendered":"Vocal coaching in English"},"content":{"rendered":"\n<blockquote class=\"wp-block-quote is-layout-flow wp-block-quote-is-layout-flow\">\n<p class=\"has-text-align-center\">Voice is air. The most important technical element in singing is freely and economicly flowing air, which we control with our breathing techniques.<\/p>\n<cite>Anu H\u00e4lv\u00e4<\/cite><\/blockquote>\n\n\n\n<figure class=\"wp-block-image size-large is-style-rounded is-style-rounded--1\"><img loading=\"lazy\" decoding=\"async\" width=\"1024\" height=\"683\" src=\"https:\/\/anuhalva.fi\/wp-content\/uploads\/2024\/02\/Laulun-opetus-Anu-Halva-1-1024x683.jpg\" alt=\"\" class=\"wp-image-166\" srcset=\"https:\/\/anuhalva.fi\/wp-content\/uploads\/2024\/02\/Laulun-opetus-Anu-Halva-1-1024x683.jpg 1024w, https:\/\/anuhalva.fi\/wp-content\/uploads\/2024\/02\/Laulun-opetus-Anu-Halva-1-300x200.jpg 300w, https:\/\/anuhalva.fi\/wp-content\/uploads\/2024\/02\/Laulun-opetus-Anu-Halva-1-768x512.jpg 768w, https:\/\/anuhalva.fi\/wp-content\/uploads\/2024\/02\/Laulun-opetus-Anu-Halva-1-1536x1024.jpg 1536w, https:\/\/anuhalva.fi\/wp-content\/uploads\/2024\/02\/Laulun-opetus-Anu-Halva-1-2048x1365.jpg 2048w\" sizes=\"auto, (max-width: 1024px) 100vw, 1024px\" \/><\/figure>\n\n\n\n<p>Anu H\u00e4lv\u00e4 has graduated as opera singer from the Sibelius-Academy Opera Department, and completed her vocal studies (classical singing and opera) in London. She\u2019s been taught eg. by Anita V\u00e4lkki, Vera Rosza, Tom Krause and Junewyn Jones. She has also completed her studies on vocal pedagogy in Sibelius-Academy, with excellent grades. She has a wide range and repertoire as singer, and she is also an accomplished actress. This gives her the advantage of teaching singing far beyond the vocal techniques solely \u2013 she can also train her students to act and be on the stage.<\/p>\n\n\n\n<p>She teaches also in fluent English.<\/p>\n\n\n\n<div class=\"wp-block-group alignfull has-global-padding is-layout-constrained wp-container-core-group-is-layout-669513ed wp-block-group-is-layout-constrained\" style=\"margin-top:0;margin-bottom:0;padding-top:var(--wp--preset--spacing--50);padding-right:var(--wp--preset--spacing--50);padding-bottom:var(--wp--preset--spacing--50);padding-left:var(--wp--preset--spacing--50)\">\n<div class=\"wp-block-group alignwide has-base-2-background-color has-background has-global-padding is-layout-constrained wp-container-core-group-is-layout-a151063b wp-block-group-is-layout-constrained\" style=\"border-radius:16px;padding-top:var(--wp--preset--spacing--50);padding-right:var(--wp--preset--spacing--40);padding-bottom:var(--wp--preset--spacing--50);padding-left:var(--wp--preset--spacing--40)\">\n<div class=\"wp-block-group alignwide is-vertical is-content-justification-stretch is-layout-flex wp-container-core-group-is-layout-353c4f5a wp-block-group-is-layout-flex\">\n<div class=\"wp-block-group has-global-padding is-layout-constrained wp-block-group-is-layout-constrained\">\n<h2 class=\"wp-block-heading has-text-align-center\">Book a lesson at studio.vocaliisi@gmail.com <\/h2>\n\n\n\n<p class=\"has-text-align-center\">or tel. 040 2504858<\/p>\n<\/div>\n\n\n\n<p class=\"has-text-align-center\"><\/p>\n\n\n\n<p class=\"has-text-align-center\"><\/p>\n\n\n\n<p class=\"has-text-align-center\">Lessons are held in Laaksolahti, Espoo. Easy to get by public transportation or by car.<\/p>\n\n\n\n<p class=\"has-text-align-center\"><strong>New students are welcome in 2025!<\/strong><\/p>\n<\/div>\n\n\n\n<div style=\"height:var(--wp--preset--spacing--30)\" aria-hidden=\"true\" class=\"wp-block-spacer\"><\/div>\n\n\n\n<div class=\"wp-block-columns alignwide is-layout-flex wp-container-core-columns-is-layout-06670bbc wp-block-columns-is-layout-flex\">\n<div class=\"wp-block-column is-layout-flow wp-block-column-is-layout-flow\" style=\"border-top-color:var(--wp--preset--color--contrast-3);border-top-width:1px;padding-top:var(--wp--preset--spacing--30);padding-right:var(--wp--preset--spacing--30);padding-bottom:var(--wp--preset--spacing--10);padding-left:var(--wp--preset--spacing--30)\">\n<h4 class=\"wp-block-heading has-text-align-center has-medium-font-size\" style=\"padding-top:1px\"> Single lesson, 60 mins<\/h4>\n\n\n\n<h2 class=\"wp-block-heading has-text-align-center has-medium-font-size\" style=\"padding-top:1px\"><strong>65 \u20ac<\/strong><\/h2>\n\n\n\n<div style=\"height:var(--wp--preset--spacing--10)\" aria-hidden=\"true\" class=\"wp-block-spacer\"><\/div>\n\n\n\n<div style=\"height:var(--wp--preset--spacing--10)\" aria-hidden=\"true\" class=\"wp-block-spacer\"><\/div>\n<\/div>\n\n\n\n<div class=\"wp-block-column is-layout-flow wp-block-column-is-layout-flow\" style=\"border-top-color:var(--wp--preset--color--contrast-3);border-top-width:1px;padding-top:var(--wp--preset--spacing--30);padding-right:var(--wp--preset--spacing--30);padding-bottom:var(--wp--preset--spacing--10);padding-left:var(--wp--preset--spacing--30)\">\n<h4 class=\"wp-block-heading has-text-align-center has-medium-font-size\" style=\"padding-top:1px\">10 x 60 mins course<\/h4>\n\n\n\n<h5 class=\"wp-block-heading has-text-align-center has-medium-font-size\" style=\"padding-top:1px\"><strong>585 \u20ac<\/strong><\/h5>\n\n\n\n<div style=\"height:var(--wp--preset--spacing--10)\" aria-hidden=\"true\" class=\"wp-block-spacer\"><\/div>\n<\/div>\n<\/div>\n<\/div>\n<\/div>\n","protected":false},"excerpt":{"rendered":"<p>Voice is air. The most important technical element in singing is freely and economicly flowing air, which we control with our breathing techniques. Anu H\u00e4lv\u00e4 Anu H\u00e4lv\u00e4 has graduated as opera singer from the Sibelius-Academy Opera Department, and completed her vocal studies (classical singing and opera) in London. She\u2019s been taught eg. by Anita V\u00e4lkki, [&hellip;]<\/p>\n","protected":false},"author":1,"featured_media":0,"parent":0,"menu_order":0,"comment_status":"closed","ping_status":"closed","template":"","meta":{"footnotes":""},"class_list":["post-127","page","type-page","status-publish","hentry"],"_links":{"self":[{"href":"https:\/\/anuhalva.fi\/index.php\/wp-json\/wp\/v2\/pages\/127","targetHints":{"allow":["GET"]}}],"collection":[{"href":"https:\/\/anuhalva.fi\/index.php\/wp-json\/wp\/v2\/pages"}],"about":[{"href":"https:\/\/anuhalva.fi\/index.php\/wp-json\/wp\/v2\/types\/page"}],"author":[{"embeddable":true,"href":"https:\/\/anuhalva.fi\/index.php\/wp-json\/wp\/v2\/users\/1"}],"replies":[{"embeddable":true,"href":"https:\/\/anuhalva.fi\/index.php\/wp-json\/wp\/v2\/comments?post=127"}],"version-history":[{"count":7,"href":"https:\/\/anuhalva.fi\/index.php\/wp-json\/wp\/v2\/pages\/127\/revisions"}],"predecessor-version":[{"id":213,"href":"https:\/\/anuhalva.fi\/index.php\/wp-json\/wp\/v2\/pages\/127\/revisions\/213"}],"wp:attachment":[{"href":"https:\/\/anuhalva.fi\/index.php\/wp-json\/wp\/v2\/media?parent=127"}],"curies":[{"name":"wp","href":"https:\/\/api.w.org\/{rel}","templated":true}]}}